{"id":1995,"date":"2024-08-17T00:16:12","date_gmt":"2024-08-16T22:16:12","guid":{"rendered":"https:\/\/amazonia-hub.org\/?page_id=1995"},"modified":"2024-10-10T17:42:05","modified_gmt":"2024-10-10T15:42:05","slug":"hub","status":"publish","type":"page","link":"https:\/\/amazonia-hub.org\/es\/hub\/","title":{"rendered":"Un hub de conocimientos sobre la Amazonia"},"content":{"rendered":"<h3>Retos<\/h3>\n<p>&nbsp;<\/p>\n<p><strong>La zona amaz\u00f3nica es el blanco de las potencias geopol\u00edticas<\/strong>, de grandes c\u00edrculos industriales, de los actores pol\u00edticos y entidades irregulares tales como organizaciones criminales. Situada en el \u00e1rea de influencia de los Estados Unidos, es ahora un objetivo geopol\u00edtico de China, lo que convierte a esta zona en un verdadero laboratorio de estudio y experimentaci\u00f3n de una conflictividad multifac\u00e9tica y globalizada. Las problem\u00e1ticas que se superponen en torno a ella son numerosas: sociales, clim\u00e1ticas, energ\u00e9ticas (petr\u00f3leo), mineras, agr\u00edcolas y bioindustriales, incluidos la actividad de los mercados farmac\u00e9uticos que ahora se ramifica de lo local a lo mundial. Tambi\u00e9n est\u00e1n en juego las cuestiones sanitarias, en la medida en que el bioma amaz\u00f3nico plantea riesgos para la salud humana (enfermedades tropicales).<\/p>\n<p>La ampliaci\u00f3n del panorama conflictivo, con el ecologismo ofensivo por un lado y la emergencia de la era de la informaci\u00f3n por otro, ha dado a estos enfrentamientos un nuevo alcance. Resuenan en todo el mundo y, por supuesto, en todo el hemisferio americano. <strong>La internacionalizaci\u00f3n de la Amazonia bajo la beneficencia ambiental o sanitaria, si bien la mirada realista ambiental sigue obviamente necesaria, es ahora uno de los principales leitmotiv en la b\u00fasqueda del control sobre los pa\u00edses sudamericanos y sus recursos.<\/strong><\/p>\n<p>Las \u00e9lites regionales est\u00e1n al frente de las correlaciones de fuerza que subyacen en la Amazonia. Tienden a ostentar una voluntad soberana. En la pr\u00e1ctica, sin embargo, los discursos y las ideolog\u00edas est\u00e1n \u00edntimamente moldeados por maniobras de duplicidad, de influencia y fricci\u00f3n que remiten a <strong>las batallas que estructuran esta regi\u00f3n del mundo<\/strong>.<\/p>\n<p>&nbsp;<\/p>\n<h3>Una larga historia de depredaci\u00f3n<strong><br \/>\n<\/strong><\/h3>\n<p>&nbsp;<\/p>\n<p>Hist\u00f3ricamente, la cuesti\u00f3n sanitaria y la conquista del petr\u00f3leo fueron los dos puntos de partida del involucramiento de las potencias, en particular de los Estados Unidos. Pero <strong>la depredaci\u00f3n siempre ha existido <\/strong>desde el descubrimiento del Nuevo Mundo hasta el <em>dominium<\/em> brit\u00e1nico del siglo XVIII y hasta nuestros d\u00edas. La \u00abca\u00f1onera\u00bb ha sido sustituida por la <strong>dependencia econ\u00f3mica, energ\u00e9tica, informativa e incluso cognitiva<\/strong>. El medio ambiente se ha convertido as\u00ed en un campo de maniobra decisivo, vinculado a todas las dem\u00e1s cuestiones.<\/p>\n<p><strong>El destino de la Amazonia y de sus pueblos est\u00e1 ahora irreversiblemente ligado a esta arquitectura de depredaci\u00f3n, normas e influencia<\/strong>.<\/p>\n<p>&nbsp;<\/p>\n<h3>Un hub de conocimientos<\/h3>\n<p>&nbsp;<\/p>\n<p>Este portal re\u00fane diversos materiales en tres idiomas para hacer visible y descifrar la arquitectura estrat\u00e9gica que abarca la Amazonia.<\/p>\n<p>Realiza un seguimiento informacional y analiza las estrategias actuales, en conjunci\u00f3n con otras iniciativas.<\/p>\n<p><strong>Amazonia Hub<\/strong> fue fundado por <a href=\"https:\/\/dunia.earth\">Fran\u00e7ois Soulard<\/a> y <a href=\"https:\/\/dokanod.com\">Thibault Kerlirzin<\/a> en agosto de 2024.<\/p>\n<p>&nbsp;<\/p>\n","protected":false},"excerpt":{"rendered":"<p>Retos &nbsp; La zona amaz\u00f3nica es el blanco de las potencias geopol\u00edticas, de grandes c\u00edrculos industriales, de los actores pol\u00edticos y entidades irregulares tales como organizaciones criminales. Situada en el \u00e1rea de influencia de los Estados Unidos, es ahora un objetivo geopol\u00edtico de China, lo que convierte a esta zona en un verdadero laboratorio de&hellip;<\/p>\n","protected":false},"author":2,"featured_media":2009,"parent":0,"menu_order":0,"comment_status":"closed","ping_status":"open","template":"","meta":{"footnotes":""},"class_list":["post-1995","page","type-page","status-publish","has-post-thumbnail","hentry","description-off"],"_links":{"self":[{"href":"https:\/\/amazonia-hub.org\/es\/wp-json\/wp\/v2\/pages\/1995","targetHints":{"allow":["GET"]}}],"collection":[{"href":"https:\/\/amazonia-hub.org\/es\/wp-json\/wp\/v2\/pages"}],"about":[{"href":"https:\/\/amazonia-hub.org\/es\/wp-json\/wp\/v2\/types\/page"}],"author":[{"embeddable":true,"href":"https:\/\/amazonia-hub.org\/es\/wp-json\/wp\/v2\/users\/2"}],"replies":[{"embeddable":true,"href":"https:\/\/amazonia-hub.org\/es\/wp-json\/wp\/v2\/comments?post=1995"}],"version-history":[{"count":12,"href":"https:\/\/amazonia-hub.org\/es\/wp-json\/wp\/v2\/pages\/1995\/revisions"}],"predecessor-version":[{"id":2454,"href":"https:\/\/amazonia-hub.org\/es\/wp-json\/wp\/v2\/pages\/1995\/revisions\/2454"}],"wp:featuredmedia":[{"embeddable":true,"href":"https:\/\/amazonia-hub.org\/es\/wp-json\/wp\/v2\/media\/2009"}],"wp:attachment":[{"href":"https:\/\/amazonia-hub.org\/es\/wp-json\/wp\/v2\/media?parent=1995"}],"curies":[{"name":"wp","href":"https:\/\/api.w.org\/{rel}","templated":true}]}}